{"id":903,"date":"2020-03-10T18:06:32","date_gmt":"2020-03-10T21:06:32","guid":{"rendered":"http:\/\/www.usuishikiryoho.com.ar\/?page_id=903"},"modified":"2025-06-22T18:03:33","modified_gmt":"2025-06-22T21:03:33","slug":"links-varios","status":"publish","type":"page","link":"https:\/\/www.usuishikiryoho.com.ar\/index.php\/links-varios\/","title":{"rendered":"links varios"},"content":{"rendered":"<div class=\"fcbkbttn_buttons_block\" id=\"fcbkbttn_left\"><div class=\"fcbkbttn_button\">\n                            <a href=\"https:\/\/www.facebook.com\/\" target=\"_blank\">\n                                <img decoding=\"async\" src=\"https:\/\/www.usuishikiryoho.com.ar\/new\/wp-content\/plugins\/social-buttons-pack\/facebook-button-plugin\/images\/standard-facebook-ico.png\" alt=\"Fb-Button\" \/>\n                            <\/a>\n                        <\/div><div class=\"fcbkbttn_like \"><fb:like href=\"https:\/\/www.usuishikiryoho.com.ar\/index.php\/links-varios\/\" action=\"like\" colorscheme=\"light\" layout=\"standard\" show-faces='false' width=\"225px\" size=\"small\"><\/fb:like><\/div><\/div><div class=\"pntrst_main_before_after\"><div class=\"pntrst-button-wrap\">\r\n\t\t\t\t\t\t\t<a data-pin-do=\"buttonBookmark\" data-pin-custom=\"\" href=\"https:\/\/www.pinterest.com\/pin\/create\/button\/\"><img decoding=\"async\" data-pin-nopin=\"1\" class=\"pntrst-custom-pin\" src=\"https:\/\/www.usuishikiryoho.com.ar\/new\/wp-content\/plugins\/social-buttons-pack\/bws-pinterest\/images\/pin.png\" width=\"60\"><\/a>\r\n\t\t\t\t\t\t<\/div><\/div><div class=\"twttr_buttons\"><div class=\"twttr_twitter\">\n\t\t\t\t\t<a href=\"http:\/\/twitter.com\/share?text=links+varios\" class=\"twitter-share-button\" data-via=\"\" data-hashtags=\"\"  data-size=\"default\" data-url=\"https:\/\/www.usuishikiryoho.com.ar\/index.php\/links-varios\/\"  data-related=\"\" target=\"_blank\">Tweet<\/a>\n\t\t\t\t<\/div><\/div>\n<p>Esta es una lista bastante sint\u00e9tica de algunos links que me resultan interesantes y\/o de lugares que apoyo o trabajo con ellos y est\u00e1n relacionado con la pr\u00e1ctica de Reiki <\/p>\n\n\n\n<p>En espa\u00f1ol <a href=\"https:\/\/reikihome.org\/?lang=es\">Reiki <\/a><a href=\"https:\/\/reikihome.org\/?lang=es\" target=\"_blank\" rel=\"noreferrer noopener\" aria-label=\"Home (abre en una nueva pesta\u00f1a)\">Home<\/a> ( Fundaci\u00f3n Internacional Reiki). Aqu\u00ed en <a href=\"https:\/\/www.facebook.com\/officialreikihome\/\">Facebook <\/a><\/p>\n\n\n\n<p>P\u00e1gina de Johannes Reindl. En varios idiomas, dependiendo de quien aporta , ( p\u00e1gina Facebook ): <a href=\"https:\/\/www.facebook.com\/JohannesReindlLineageBearerUsuiShikiRyoho\/\">Johannes <\/a><a href=\"https:\/\/www.facebook.com\/JohannesReindlLineageBearerUsuiShikiRyoho\/\" target=\"_blank\" rel=\"noreferrer noopener\" aria-label=\"Reindl (abre en una nueva pesta\u00f1a)\">Reindl<\/a><a href=\"https:\/\/www.facebook.com\/JohannesReindlLineageBearerUsuiShikiRyoho\/\"> &#8211; Lineage Bearer Usui Shiki Ryoho<\/a><\/p>\n\n\n\n<p class=\"has-text-align-left\">Grupo en Facebook con admisi\u00f3n :    <a href=\"https:\/\/www.facebook.com\/groups\/484705535674918\/\">Grupo de Johannes Reindl<\/a><\/p>\n\n\n\n<p><a href=\"https:\/\/www.youtube.com\/channel\/UCYH3wiKKGHo1XnwTM0zZuaw\/featured\">Serie de videos que realiz\u00f3 Phyllis Lei <\/a><a href=\"https:\/\/www.youtube.com\/channel\/UCYH3wiKKGHo1XnwTM0zZuaw\/featured\" target=\"_blank\" rel=\"noreferrer noopener\" aria-label=\"Furumoto (abre en una nueva pesta\u00f1a)\">Furumoto<\/a> ( algunos con invitados). En YouTube<\/p>\n\n\n\n<p><a href=\"https:\/\/www.reikiassociation.net\/home.php\">The Reiki <\/a><a rel=\"noreferrer noopener\" aria-label=\"Association (abre en una nueva pesta\u00f1a)\" href=\"https:\/\/www.reikiassociation.net\/home.php\" target=\"_blank\">Association<\/a><a href=\"https:\/\/www.reikiassociation.net\/home.php\">.<\/a>  Editan una excelente revista en ingl\u00e9s. Asociaci\u00f3n del Reino Unido que tiene miembros de diferentes escuelas y sistemas de Reiki. <\/p>\n\n\n\n<p><a href=\"https:\/\/reikigreybook.com\/es\/the-grey-book\/\">https:\/\/reikigreybook.com\/es\/the-grey-book\/<\/a>   Este valioso material es ofrecido gracias a la generosidad del Equipo del Libro Gris. Estos siete segmentos del vol\u00famen de 1982&nbsp;<em>Reiki<\/em>&nbsp;se presentan en el orden publicado por Alice Takata Furumoto. La Gu\u00eda Terap\u00e9utica, originalmente elaborada en japon\u00e9s, es traducida al ingl\u00e9s por Dylan Luers Toda un traductor acad\u00e9mico profesional. A partir del trabajo de Toda hemos encomendado las 8 traducciones de este sitio web y por primera vez, muchos de nosotros podemos leer el manual de tratamiento original de Reiki que Chujiro Hayashi prepar\u00f3 para los estudiantes del Hayashi Reiki Kenkyukai en Hawai, en 1938.<\/p>\n\n\n\n<p>Art\u00edculos varios que he escrito <a href=\"https:\/\/www.usuishikiryoho.com.ar\/index.php\/publicaciones-y-colaboraciones-para-revistas\/\" data-type=\"page\" data-id=\"978\">Publicaciones y colaboraciones para revistas<\/a><\/p>\n\n\n\n<p>Video Entrevistas que me han hecho <\/p>\n\n\n\n<p><\/p>\n\n\n\n<p><\/p>\n\n\n\n<p><\/p>\n<div class=\"pntrst_main_before_after\"><\/div>","protected":false},"excerpt":{"rendered":"<p>Esta es una lista bastante sint\u00e9tica de algunos links que me resultan interesantes y\/o de lugares que apoyo o trabajo con ellos y est\u00e1n relacionado con la pr\u00e1ctica de Reiki En espa\u00f1ol Reiki Home ( Fundaci\u00f3n Internacional Reiki). Aqu\u00ed en &hellip; <a href=\"https:\/\/www.usuishikiryoho.com.ar\/index.php\/links-varios\/\">Sigue leyendo <span class=\"meta-nav\">&rarr;<\/span><\/a><\/p>\n","protected":false},"author":1,"featured_media":0,"parent":0,"menu_order":0,"comment_status":"closed","ping_status":"closed","template":"","meta":{"footnotes":""},"class_list":["post-903","page","type-page","status-publish","hentry"],"_links":{"self":[{"href":"https:\/\/www.usuishikiryoho.com.ar\/index.php\/wp-json\/wp\/v2\/pages\/903","targetHints":{"allow":["GET"]}}],"collection":[{"href":"https:\/\/www.usuishikiryoho.com.ar\/index.php\/wp-json\/wp\/v2\/pages"}],"about":[{"href":"https:\/\/www.usuishikiryoho.com.ar\/index.php\/wp-json\/wp\/v2\/types\/page"}],"author":[{"embeddable":true,"href":"https:\/\/www.usuishikiryoho.com.ar\/index.php\/wp-json\/wp\/v2\/users\/1"}],"replies":[{"embeddable":true,"href":"https:\/\/www.usuishikiryoho.com.ar\/index.php\/wp-json\/wp\/v2\/comments?post=903"}],"version-history":[{"count":6,"href":"https:\/\/www.usuishikiryoho.com.ar\/index.php\/wp-json\/wp\/v2\/pages\/903\/revisions"}],"predecessor-version":[{"id":1010,"href":"https:\/\/www.usuishikiryoho.com.ar\/index.php\/wp-json\/wp\/v2\/pages\/903\/revisions\/1010"}],"wp:attachment":[{"href":"https:\/\/www.usuishikiryoho.com.ar\/index.php\/wp-json\/wp\/v2\/media?parent=903"}],"curies":[{"name":"wp","href":"https:\/\/api.w.org\/{rel}","templated":true}]}}