{"id":19,"date":"2006-03-20T23:53:32","date_gmt":"2006-03-21T02:53:32","guid":{"rendered":"http:\/\/reiki-sistema-usui.com.ar\/wp\/?page_id=19"},"modified":"2019-02-18T20:56:46","modified_gmt":"2019-02-18T23:56:46","slug":"contactarme","status":"publish","type":"page","link":"https:\/\/www.usuishikiryoho.com.ar\/index.php\/contactarme\/","title":{"rendered":"Contactarme"},"content":{"rendered":"<div class=\"fcbkbttn_buttons_block\" id=\"fcbkbttn_left\"><div class=\"fcbkbttn_button\">\n                            <a href=\"https:\/\/www.facebook.com\/\" target=\"_blank\">\n                                <img decoding=\"async\" src=\"https:\/\/www.usuishikiryoho.com.ar\/new\/wp-content\/plugins\/social-buttons-pack\/facebook-button-plugin\/images\/standard-facebook-ico.png\" alt=\"Fb-Button\" \/>\n                            <\/a>\n                        <\/div><div class=\"fcbkbttn_like \"><fb:like href=\"https:\/\/www.usuishikiryoho.com.ar\/index.php\/contactarme\/\" action=\"like\" colorscheme=\"light\" layout=\"standard\" show-faces='false' width=\"225px\" size=\"small\"><\/fb:like><\/div><\/div><div class=\"pntrst_main_before_after\"><div class=\"pntrst-button-wrap\">\r\n\t\t\t\t\t\t\t<a data-pin-do=\"buttonBookmark\" data-pin-custom=\"\" href=\"https:\/\/www.pinterest.com\/pin\/create\/button\/\"><img decoding=\"async\" data-pin-nopin=\"1\" class=\"pntrst-custom-pin\" src=\"https:\/\/www.usuishikiryoho.com.ar\/new\/wp-content\/plugins\/social-buttons-pack\/bws-pinterest\/images\/pin.png\" width=\"60\"><\/a>\r\n\t\t\t\t\t\t<\/div><\/div><div class=\"twttr_buttons\"><div class=\"twttr_twitter\">\n\t\t\t\t\t<a href=\"http:\/\/twitter.com\/share?text=Contactarme\" class=\"twitter-share-button\" data-via=\"\" data-hashtags=\"\"  data-size=\"default\" data-url=\"https:\/\/www.usuishikiryoho.com.ar\/index.php\/contactarme\/\"  data-related=\"\" target=\"_blank\">Tweet<\/a>\n\t\t\t\t<\/div><\/div>\n<p><br \/><\/p>\n\n\n\n<figure class=\"wp-block-image\"><img loading=\"lazy\" decoding=\"async\" width=\"1024\" height=\"243\" src=\"https:\/\/www.usuishikiryoho.com.ar\/new\/wp-content\/uploads\/2019\/01\/IMG_3758-1024x243.jpg\" alt=\"\" class=\"wp-image-846\" srcset=\"https:\/\/www.usuishikiryoho.com.ar\/new\/wp-content\/uploads\/2019\/01\/IMG_3758-1024x243.jpg 1024w, https:\/\/www.usuishikiryoho.com.ar\/new\/wp-content\/uploads\/2019\/01\/IMG_3758-300x71.jpg 300w, https:\/\/www.usuishikiryoho.com.ar\/new\/wp-content\/uploads\/2019\/01\/IMG_3758-768x182.jpg 768w\" sizes=\"auto, (max-width: 1024px) 100vw, 1024px\" \/><\/figure>\n\n\n\n<p>Generalmente, contesto whatsapp antes de 24 horas de recibido: +5492983566254<\/p>\n\n\n\n<p>Si est\u00e1s interesado en recibir m\u00e1s informaci\u00f3n \u00f3 en establecer contacto conmigo, escribime:<\/p>\n\n\n\n<p><a href=\"mailto:carlos@usuishikiryoho.com.ar\">carlos<\/a><\/p>\n\n\n\n<p>o dejame un comentario aqu\u00ed mismo, que te responder\u00e9 lo antes posible.<\/p>\n<div class=\"pntrst_main_before_after\"><\/div>","protected":false},"excerpt":{"rendered":"<p>Generalmente, contesto whatsapp antes de 24 horas de recibido: +5492983566254 Si est\u00e1s interesado en recibir m\u00e1s informaci\u00f3n \u00f3 en establecer contacto conmigo, escribime: carlos o dejame un comentario aqu\u00ed mismo, que te responder\u00e9 lo antes posible.<\/p>\n","protected":false},"author":1,"featured_media":0,"parent":0,"menu_order":8,"comment_status":"open","ping_status":"open","template":"","meta":{"footnotes":""},"class_list":["post-19","page","type-page","status-publish","hentry"],"_links":{"self":[{"href":"https:\/\/www.usuishikiryoho.com.ar\/index.php\/wp-json\/wp\/v2\/pages\/19","targetHints":{"allow":["GET"]}}],"collection":[{"href":"https:\/\/www.usuishikiryoho.com.ar\/index.php\/wp-json\/wp\/v2\/pages"}],"about":[{"href":"https:\/\/www.usuishikiryoho.com.ar\/index.php\/wp-json\/wp\/v2\/types\/page"}],"author":[{"embeddable":true,"href":"https:\/\/www.usuishikiryoho.com.ar\/index.php\/wp-json\/wp\/v2\/users\/1"}],"replies":[{"embeddable":true,"href":"https:\/\/www.usuishikiryoho.com.ar\/index.php\/wp-json\/wp\/v2\/comments?post=19"}],"version-history":[{"count":8,"href":"https:\/\/www.usuishikiryoho.com.ar\/index.php\/wp-json\/wp\/v2\/pages\/19\/revisions"}],"predecessor-version":[{"id":850,"href":"https:\/\/www.usuishikiryoho.com.ar\/index.php\/wp-json\/wp\/v2\/pages\/19\/revisions\/850"}],"wp:attachment":[{"href":"https:\/\/www.usuishikiryoho.com.ar\/index.php\/wp-json\/wp\/v2\/media?parent=19"}],"curies":[{"name":"wp","href":"https:\/\/api.w.org\/{rel}","templated":true}]}}