{"id":18,"date":"2006-03-20T23:53:14","date_gmt":"2006-03-21T02:53:14","guid":{"rendered":"http:\/\/reiki-sistema-usui.com.ar\/wp\/?page_id=18"},"modified":"2022-04-12T10:54:49","modified_gmt":"2022-04-12T13:54:49","slug":"quien-soy","status":"publish","type":"page","link":"https:\/\/www.usuishikiryoho.com.ar\/index.php\/quien-soy\/","title":{"rendered":"\u00bfQuien soy?"},"content":{"rendered":"<div class=\"fcbkbttn_buttons_block\" id=\"fcbkbttn_left\"><div class=\"fcbkbttn_button\">\n                            <a href=\"https:\/\/www.facebook.com\/\" target=\"_blank\">\n                                <img decoding=\"async\" src=\"https:\/\/www.usuishikiryoho.com.ar\/new\/wp-content\/plugins\/social-buttons-pack\/facebook-button-plugin\/images\/standard-facebook-ico.png\" alt=\"Fb-Button\" \/>\n                            <\/a>\n                        <\/div><div class=\"fcbkbttn_like \"><fb:like href=\"https:\/\/www.usuishikiryoho.com.ar\/index.php\/quien-soy\/\" action=\"like\" colorscheme=\"light\" layout=\"standard\" show-faces='false' width=\"225px\" size=\"small\"><\/fb:like><\/div><\/div><div class=\"pntrst_main_before_after\"><div class=\"pntrst-button-wrap\">\r\n\t\t\t\t\t\t\t<a data-pin-do=\"buttonBookmark\" data-pin-custom=\"\" href=\"https:\/\/www.pinterest.com\/pin\/create\/button\/\"><img decoding=\"async\" data-pin-nopin=\"1\" class=\"pntrst-custom-pin\" src=\"https:\/\/www.usuishikiryoho.com.ar\/new\/wp-content\/plugins\/social-buttons-pack\/bws-pinterest\/images\/pin.png\" width=\"60\"><\/a>\r\n\t\t\t\t\t\t<\/div><\/div><div class=\"twttr_buttons\"><div class=\"twttr_twitter\">\n\t\t\t\t\t<a href=\"http:\/\/twitter.com\/share?text=%C2%BFQuien+soy%3F\" class=\"twitter-share-button\" data-via=\"\" data-hashtags=\"\"  data-size=\"default\" data-url=\"https:\/\/www.usuishikiryoho.com.ar\/index.php\/quien-soy\/\"  data-related=\"\" target=\"_blank\">Tweet<\/a>\n\t\t\t\t<\/div><\/div><p>Me llamo Carlos Ernesto S\u00e1nchez y vivo en la ciudad de <a href=\"http:\/\/www.tresarroyosturismo.com.ar\">Tres Arroyos<\/a>, provincia de Buenos Aires, Republica Argentina.<br \/>\nEn este momento de mi vida \u00a0tengo varias\u00a0\u00a0\u00e1reas de inter\u00e9s \u00a0que intento \u00a0integrar: arte, desarrollo de comunidades, salud, naturaleza, producci\u00f3n agropecuaria.<\/p>\n<p>Mi inter\u00e9s por el \u00e1rea de salud comenz\u00f3 en mi adolescencia temprana al descubrir distintas formas de alimentaci\u00f3n y su aplicaci\u00f3n en la curaci\u00f3n de enfermedades.<\/p>\n<p>Siendo \u00a0joven trabaj\u00e9 en el \u00e1rea de inform\u00e1tica.<\/p>\n<p>Luego fui propietario de un negocio de venta de alimentos naturales, que cerr\u00e9 cuando realic\u00e9 un viaje de b\u00fasqueda espiritual a India (1989). Al regresar a Argentina, conoc\u00ed las Flores de Bach y me recib\u00ed de terapeuta floral en la escuela \u201cDr. Edward Bach\u201d de la ciudad de Buenos Aires.<\/p>\n<p>Fue despu\u00e9s de varios a\u00f1os de \u00a0b\u00fasqueda de \u00abalgo\u00bb que\u00a0conoc\u00ed Reiki.<\/p>\n<p>Previamente practiqu\u00e9 yoga por muchos a\u00f1os, meditaci\u00f3n, coordin\u00e9 grupos de estudio de espiritualidad, realic\u00e9 trabajo de expresi\u00f3n corporal, psicoterapia, respiraci\u00f3n holotr\u00f3pica, estudios de tarot, I Ching, psicolog\u00eda transpersonal, creatividad, entre otros.<\/p>\n<p>Fui contactado con Reiki en 1992, a\u00f1o en que fui iniciado en Primer Grado por Elwine Schifferer-Gangnus, en la ciudad de Buenos Aires. Al a\u00f1o siguiente, junto a otra alumna, organizamos para Elwine un Seminario de Primer Grado en Tres Arroyos. Despu\u00e9s del mismo, nosotros recibimos Segundo Grado.<\/p>\n<p>Cuando conoc\u00ed Reiki sent\u00ed que hab\u00eda llegado a un punto de inflexi\u00f3n en mi vida y que hab\u00eda encontrado la herramienta que me permitir\u00eda integrar todas las experiencias previas. Por eso luego de unos pocos a\u00f1os de pr\u00e1ctica decid\u00ed formarme como Maestro Reiki en el Sistema Usui .<br \/>\nEn 1995 fui iniciado por Elwine como Maestro en Alemania. Elwine fue iniciada como Maestra por Horst G\u00fcnther, quien a su vez fue iniciado por Phyllis L. Furumoto.<\/p>\n<p>Al comienzo de mi pr\u00e1ctica como Maestro s\u00f3lo mantuve en forma paralela el trabajo como terapeuta floral y dej\u00e9 todas las dem\u00e1s pr\u00e1cticas para concentrarme en mi maestr\u00eda. Me un\u00ed a The Reiki Alliance y contact\u00e9 Maestros de Reiki de diferentes partes del mundo, lo que comenz\u00f3 a darme una visi\u00f3n global de este arte de sanaci\u00f3n.<\/p>\n<p>Viaj\u00e9, y a\u00fan lo hago, a ense\u00f1ar Reiki en distintas ciudades del pa\u00eds y algunas de otros pa\u00edses.<\/p>\n<p>Gracias al desaf\u00edo de una alumna de Reiki transform\u00e9 mi amor por ver pintura y visitar museos en tomar los pinceles y poner \u201cmanos a la obra\u201d.<\/p>\n<p>Y mi participaci\u00f3n en <a href=\"http:\/\/www.reikialliance.com\" target=\"_blank\" rel=\"noopener noreferrer\">The Reiki Alliance<\/a> se volvi\u00f3 m\u00e1s y m\u00e1s activa hasta que volv\u00ed a tomar cursos para desarrollar el trabajo de vivir \u00a0comunidad, lo que tambi\u00e9n me permite aprovechar mi conocimiento de inform\u00e1tica y la atracci\u00f3n que siento por las nuevas formas de comunicaci\u00f3n.\u00a0Profundic\u00e9 el conocimiento que ya ten\u00eda de idiomas extranjeros y comenc\u00e9 a estudiar otros. Fui miembro del Directorio de The Reiki Alliance desde 2011 hasta 2015.<\/p>\n<p>En 1997 conoc\u00ed a Phyllis Lei Furumoto, quien fue Portadora del Linaje, \u00a0y a Paul David Mitchell, Decano de Disciplina, \u00a0del Usui Shiki Ryoho. Desde entonces he asistido a varios de los seminarios para Maestros, encuentros con practicantes, talleres, etc., en los que ellos facilitaron y\/o ense\u00f1aron. El contacto con ellos ha enriquecido mi pr\u00e1ctica y me ha ayudado a profundizar mi comprensi\u00f3n de la misma.<\/p>\n<p>Durante unos \u00a0a\u00f1os retom\u00e9 un viejo amor y trabaj\u00e9 en forma espor\u00e1dica en la realizaci\u00f3n de <a href=\"http:\/\/www.buendiacine.com.ar\">cine profesional<\/a>\u00a0. Un gran regalo\u00a0de la vida.<\/p>\n<p>Tambi\u00e9n soy miembro de la <a href=\"http:\/\/www.redxlaidentidad.org.ar\">Red x la Identidad<\/a>, fundada por Abuelas de Plaza de Mayo, una organizaci\u00f3n que apoya el gran trabajo que hace Abuelas en derechos humanos.<\/p>\n<p>Uno de los \u00faltimos desaf\u00edos fue ser\u00a0miembro del Council of Electors ( Consejo de Electores) de la Reiki Foundation International. El proyecto <a href=\"http:\/\/www.reikihome.org\">Reiki Home<\/a> se expande y va tomando forma&#8230;<\/p>\n<p>Luego del fallecimiento de Phyllis Lei Furumoto estoy apoyando activamente el trabajo y misi\u00f3n de Johannes Reindl, su sucesor y actual Portador de Linaje.<\/p>\n<p>Me gustan el campo, el mar, los viajes. Disfruto de mis amigos, mi familia.<\/p>\n<p>Mi temprana pasi\u00f3n por la ecolog\u00eda me est\u00e1 llamando nuevamente y aprendo pr\u00e1cticas regenerativas.<\/p>\n<p>Este \u00bfQui\u00e9n soy? se actualiza y profundiza\u00a0 a medida que voy escribiendo en el blog y contando de mis \u00faltimas actividades.<\/p>\n<div class=\"pntrst_main_before_after\"><\/div>","protected":false},"excerpt":{"rendered":"<p>Me llamo Carlos Ernesto S\u00e1nchez y vivo en la ciudad de Tres Arroyos, provincia de Buenos Aires, Republica Argentina. En este momento de mi vida \u00a0tengo varias\u00a0\u00a0\u00e1reas de inter\u00e9s \u00a0que intento \u00a0integrar: arte, desarrollo de comunidades, salud, naturaleza, producci\u00f3n agropecuaria. &hellip; <a href=\"https:\/\/www.usuishikiryoho.com.ar\/index.php\/quien-soy\/\">Sigue leyendo <span class=\"meta-nav\">&rarr;<\/span><\/a><\/p>\n","protected":false},"author":1,"featured_media":0,"parent":0,"menu_order":7,"comment_status":"closed","ping_status":"open","template":"","meta":{"footnotes":""},"class_list":["post-18","page","type-page","status-publish","hentry"],"_links":{"self":[{"href":"https:\/\/www.usuishikiryoho.com.ar\/index.php\/wp-json\/wp\/v2\/pages\/18","targetHints":{"allow":["GET"]}}],"collection":[{"href":"https:\/\/www.usuishikiryoho.com.ar\/index.php\/wp-json\/wp\/v2\/pages"}],"about":[{"href":"https:\/\/www.usuishikiryoho.com.ar\/index.php\/wp-json\/wp\/v2\/types\/page"}],"author":[{"embeddable":true,"href":"https:\/\/www.usuishikiryoho.com.ar\/index.php\/wp-json\/wp\/v2\/users\/1"}],"replies":[{"embeddable":true,"href":"https:\/\/www.usuishikiryoho.com.ar\/index.php\/wp-json\/wp\/v2\/comments?post=18"}],"version-history":[{"count":9,"href":"https:\/\/www.usuishikiryoho.com.ar\/index.php\/wp-json\/wp\/v2\/pages\/18\/revisions"}],"predecessor-version":[{"id":948,"href":"https:\/\/www.usuishikiryoho.com.ar\/index.php\/wp-json\/wp\/v2\/pages\/18\/revisions\/948"}],"wp:attachment":[{"href":"https:\/\/www.usuishikiryoho.com.ar\/index.php\/wp-json\/wp\/v2\/media?parent=18"}],"curies":[{"name":"wp","href":"https:\/\/api.w.org\/{rel}","templated":true}]}}