{"id":14,"date":"2006-03-20T23:51:06","date_gmt":"2006-03-21T02:51:06","guid":{"rendered":"http:\/\/reiki-sistema-usui.com.ar\/wp\/?page_id=15"},"modified":"2022-04-12T10:39:09","modified_gmt":"2022-04-12T13:39:09","slug":"organizaciones-y-revistas","status":"publish","type":"page","link":"https:\/\/www.usuishikiryoho.com.ar\/index.php\/organizaciones-y-revistas\/","title":{"rendered":"Comunidad"},"content":{"rendered":"<div class=\"fcbkbttn_buttons_block\" id=\"fcbkbttn_left\"><div class=\"fcbkbttn_button\">\n                            <a href=\"https:\/\/www.facebook.com\/\" target=\"_blank\">\n                                <img decoding=\"async\" src=\"https:\/\/www.usuishikiryoho.com.ar\/new\/wp-content\/plugins\/social-buttons-pack\/facebook-button-plugin\/images\/standard-facebook-ico.png\" alt=\"Fb-Button\" \/>\n                            <\/a>\n                        <\/div><div class=\"fcbkbttn_like \"><fb:like href=\"https:\/\/www.usuishikiryoho.com.ar\/index.php\/organizaciones-y-revistas\/\" action=\"like\" colorscheme=\"light\" layout=\"standard\" show-faces='false' width=\"225px\" size=\"small\"><\/fb:like><\/div><\/div><div class=\"pntrst_main_before_after\"><div class=\"pntrst-button-wrap\">\r\n\t\t\t\t\t\t\t<a data-pin-do=\"buttonBookmark\" data-pin-custom=\"\" href=\"https:\/\/www.pinterest.com\/pin\/create\/button\/\"><img decoding=\"async\" data-pin-nopin=\"1\" class=\"pntrst-custom-pin\" src=\"https:\/\/www.usuishikiryoho.com.ar\/new\/wp-content\/plugins\/social-buttons-pack\/bws-pinterest\/images\/pin.png\" width=\"60\"><\/a>\r\n\t\t\t\t\t\t<\/div><\/div><div class=\"twttr_buttons\"><div class=\"twttr_twitter\">\n\t\t\t\t\t<a href=\"http:\/\/twitter.com\/share?text=Comunidad\" class=\"twitter-share-button\" data-via=\"\" data-hashtags=\"\"  data-size=\"default\" data-url=\"https:\/\/www.usuishikiryoho.com.ar\/index.php\/organizaciones-y-revistas\/\"  data-related=\"\" target=\"_blank\">Tweet<\/a>\n\t\t\t\t<\/div><\/div><p><strong>Informaci\u00f3n general sobre Sistema Usui de Reiki<\/strong>, hay una p\u00e1gina Web muy interesante, que define el Usui Shiki Ryoho\u00ae, por el momento s\u00f3lo est\u00e1 disponible en ingl\u00e9s. Es la <a href=\"http:\/\/www.usuishikiryohoreiki.com\" target=\"_blank\" rel=\"noopener\">p\u00e1gina web de Ofice of the Grandmaster<\/a>, donde tambi\u00e9n existe un calendario de actividades y forma de contactarlos.<\/p>\n<p><a href=\"http:\/\/www.reikitalkshow.com\/\" target=\"_blank\" rel=\"noopener\">Programa de radio de Phyllis Lei Furumoto <\/a>&#8211; Se pueden escuchar todos los programas \u00a0&#8211; Ya no lo realiza. \u00a0En ingl\u00e9s!!<\/p>\n<p><a href=\"http:\/\/phyllisfurumoto.blogspot.com\/\" target=\"_blank\" rel=\"noopener\">EL blog de Phyllis<\/a>&#8211; En ingl\u00e9s! ( No est\u00e1 actualizado)<\/p>\n<p><span style=\"color: #000000;\"><b>facebook <a href=\"https:\/\/www.facebook.com\/groups\/GlobalReikiWebinars\/?fref=ts\">Global Reiki Webinars<\/a> \u00a0Seminarios v\u00eda web, una oportunidad para escuchar a Phyllis ( solicitar entrar al grupo). Pod\u00e9s ver los anteriores aqu\u00ed, \u00a0en <a href=\"https:\/\/www.youtube.com\/channel\/UCYH3wiKKGHo1XnwTM0zZuaw\">youtube\u00a0<\/a><\/b><\/span><\/p>\n<p><strong>Un video subtitulado en varios idiomas, espa\u00f1ol incluido. <a href=\"https:\/\/www.youtube.com\/watch?v=3LbVwdjrC0Q\">Un legado para las futuras generaciones de practicantes de Reiki\u00a0<\/a><\/strong><\/p>\n<p><strong>Maestros Reiki de distintas partes del mundo <\/strong>: <a href=\"http:\/\/www.reikialliance.com\" target=\"_blank\" rel=\"noopener\">The Reiki Alliance<\/a><\/p>\n<p><strong>Estudiantes, practicantes y maestros del Reino Unido<\/strong>: <a href=\"http:\/\/www.reikiassociation.org.uk\" target=\"_blank\" rel=\"noopener\">The Reiki Association <\/a>&#8211;<\/p>\n<p><a href=\"http:\/\/www.reiki.es.\" target=\"_blank\" rel=\"noopener\"><strong>Comunidad de Maestros de Reiki de Espa\u00f1a:<\/strong><\/a><span class=\"cap\">Esta Comunidad quiere servir para contribuir a la comprensi\u00f3n y difusi\u00f3n del Sistema Usui Shiki Ryoho y para mejorar la comunicaci\u00f3n y uni\u00f3n entre todos.<br \/>\n<\/span><\/p>\n<p><a href=\"http:\/\/www.facebook.com\/search\/?q=touch&amp;init=quick#!\/group.php?gid=218518992016&amp;ref=ts\" target=\"_blank\" rel=\"noopener\" data-wplink-edit=\"true\"><strong>TOUCH:<\/strong><\/a><em> a Reiki Community magazine( English)<\/em><\/p>\n<p>En M\u00e9xico : <a href=\"http:\/\/www.laurencefontaine.com\/index.php\"><strong>Aleema Fontaine<\/strong><\/a>,\u00a0 Maestra de Reiki, movimento conciente.<\/p>\n<p><strong>Otros lugares que me interesan:<\/strong><\/p>\n<p>Abuelas de Plaza de Mayo, con links a otras organizaciones de Derechos Humanos <a href=\"http:\/\/www.abuelas.org.ar\" target=\"_blank\" rel=\"noopener\">www.abuelas.org.ar<\/a><\/p>\n<p><a href=\"https:\/\/regenesisgroup.com\">Regenesis.<\/a> Pensamiento y proyectos regenerativos.<\/p>\n<div class=\"pntrst_main_before_after\"><\/div>","protected":false},"excerpt":{"rendered":"<p>Informaci\u00f3n general sobre Sistema Usui de Reiki, hay una p\u00e1gina Web muy interesante, que define el Usui Shiki Ryoho\u00ae, por el momento s\u00f3lo est\u00e1 disponible en ingl\u00e9s. Es la p\u00e1gina web de Ofice of the Grandmaster, donde tambi\u00e9n existe un &hellip; <a href=\"https:\/\/www.usuishikiryoho.com.ar\/index.php\/organizaciones-y-revistas\/\">Sigue leyendo <span class=\"meta-nav\">&rarr;<\/span><\/a><\/p>\n","protected":false},"author":1,"featured_media":0,"parent":0,"menu_order":3,"comment_status":"open","ping_status":"open","template":"","meta":{"footnotes":""},"class_list":["post-14","page","type-page","status-publish","hentry"],"_links":{"self":[{"href":"https:\/\/www.usuishikiryoho.com.ar\/index.php\/wp-json\/wp\/v2\/pages\/14","targetHints":{"allow":["GET"]}}],"collection":[{"href":"https:\/\/www.usuishikiryoho.com.ar\/index.php\/wp-json\/wp\/v2\/pages"}],"about":[{"href":"https:\/\/www.usuishikiryoho.com.ar\/index.php\/wp-json\/wp\/v2\/types\/page"}],"author":[{"embeddable":true,"href":"https:\/\/www.usuishikiryoho.com.ar\/index.php\/wp-json\/wp\/v2\/users\/1"}],"replies":[{"embeddable":true,"href":"https:\/\/www.usuishikiryoho.com.ar\/index.php\/wp-json\/wp\/v2\/comments?post=14"}],"version-history":[{"count":12,"href":"https:\/\/www.usuishikiryoho.com.ar\/index.php\/wp-json\/wp\/v2\/pages\/14\/revisions"}],"predecessor-version":[{"id":942,"href":"https:\/\/www.usuishikiryoho.com.ar\/index.php\/wp-json\/wp\/v2\/pages\/14\/revisions\/942"}],"wp:attachment":[{"href":"https:\/\/www.usuishikiryoho.com.ar\/index.php\/wp-json\/wp\/v2\/media?parent=14"}],"curies":[{"name":"wp","href":"https:\/\/api.w.org\/{rel}","templated":true}]}}