{"id":13,"date":"2006-03-20T23:48:44","date_gmt":"2006-03-21T02:48:44","guid":{"rendered":"http:\/\/reiki-sistema-usui.com.ar\/wp\/?page_id=12"},"modified":"2017-03-29T22:44:27","modified_gmt":"2017-03-30T01:44:27","slug":"usui-shiki-ryoho","status":"publish","type":"page","link":"https:\/\/www.usuishikiryoho.com.ar\/index.php\/usui-shiki-ryoho\/","title":{"rendered":"Usui Shiki Ryoho \u00a9"},"content":{"rendered":"<div class=\"fcbkbttn_buttons_block\" id=\"fcbkbttn_left\"><div class=\"fcbkbttn_button\">\n                            <a href=\"https:\/\/www.facebook.com\/\" target=\"_blank\">\n                                <img decoding=\"async\" src=\"https:\/\/www.usuishikiryoho.com.ar\/new\/wp-content\/plugins\/social-buttons-pack\/facebook-button-plugin\/images\/standard-facebook-ico.png\" alt=\"Fb-Button\" \/>\n                            <\/a>\n                        <\/div><div class=\"fcbkbttn_like \"><fb:like href=\"https:\/\/www.usuishikiryoho.com.ar\/index.php\/usui-shiki-ryoho\/\" action=\"like\" colorscheme=\"light\" layout=\"standard\" show-faces='false' width=\"225px\" size=\"small\"><\/fb:like><\/div><\/div><div class=\"pntrst_main_before_after\"><div class=\"pntrst-button-wrap\">\r\n\t\t\t\t\t\t\t<a data-pin-do=\"buttonBookmark\" data-pin-custom=\"\" href=\"https:\/\/www.pinterest.com\/pin\/create\/button\/\"><img decoding=\"async\" data-pin-nopin=\"1\" class=\"pntrst-custom-pin\" src=\"https:\/\/www.usuishikiryoho.com.ar\/new\/wp-content\/plugins\/social-buttons-pack\/bws-pinterest\/images\/pin.png\" width=\"60\"><\/a>\r\n\t\t\t\t\t\t<\/div><\/div><div class=\"twttr_buttons\"><div class=\"twttr_twitter\">\n\t\t\t\t\t<a href=\"http:\/\/twitter.com\/share?text=Usui+Shiki+Ryoho+%C2%A9\" class=\"twitter-share-button\" data-via=\"\" data-hashtags=\"\"  data-size=\"default\" data-url=\"https:\/\/www.usuishikiryoho.com.ar\/index.php\/usui-shiki-ryoho\/\"  data-related=\"\" target=\"_blank\">Tweet<\/a>\n\t\t\t\t<\/div><\/div><p>Este arte de sanaci\u00f3n tiene \u00a0su propia identidad y campo energ\u00e9tico. Fue fundado por Mikao Usui en Jap\u00f3n, practicado por Chujiro Hayashi, tra\u00eddo a Occidente y difundido por Hawayo Takata y es sostenido actualmente por Phyllis Lei Furumoto.<\/p>\n<p>Phyllis Lei Furumoto escribi\u00f3 una clara descripci\u00f3n del Sistema para ser publicada por la Asociaci\u00f3n Usui Shiki Ryoho:<\/p>\n<p><img loading=\"lazy\" decoding=\"async\" class=\"aligncenter size-large wp-image-793\" src=\"https:\/\/www.usuishikiryoho.com.ar\/new\/wp-content\/uploads\/2006\/03\/USR-by-Phyllis-791x1024.jpg\" alt=\"\" width=\"640\" height=\"829\" srcset=\"https:\/\/www.usuishikiryoho.com.ar\/new\/wp-content\/uploads\/2006\/03\/USR-by-Phyllis-791x1024.jpg 791w, https:\/\/www.usuishikiryoho.com.ar\/new\/wp-content\/uploads\/2006\/03\/USR-by-Phyllis-232x300.jpg 232w, https:\/\/www.usuishikiryoho.com.ar\/new\/wp-content\/uploads\/2006\/03\/USR-by-Phyllis-768x994.jpg 768w, https:\/\/www.usuishikiryoho.com.ar\/new\/wp-content\/uploads\/2006\/03\/USR-by-Phyllis.jpg 1275w\" sizes=\"auto, (max-width: 640px) 100vw, 640px\" \/><img loading=\"lazy\" decoding=\"async\" class=\"aligncenter size-large wp-image-795\" src=\"https:\/\/www.usuishikiryoho.com.ar\/new\/wp-content\/uploads\/2006\/03\/USR2-by-Phyllis-791x1024.jpg\" alt=\"\" width=\"640\" height=\"829\" srcset=\"https:\/\/www.usuishikiryoho.com.ar\/new\/wp-content\/uploads\/2006\/03\/USR2-by-Phyllis-791x1024.jpg 791w, https:\/\/www.usuishikiryoho.com.ar\/new\/wp-content\/uploads\/2006\/03\/USR2-by-Phyllis-232x300.jpg 232w, https:\/\/www.usuishikiryoho.com.ar\/new\/wp-content\/uploads\/2006\/03\/USR2-by-Phyllis-768x994.jpg 768w, https:\/\/www.usuishikiryoho.com.ar\/new\/wp-content\/uploads\/2006\/03\/USR2-by-Phyllis.jpg 1275w\" sizes=\"auto, (max-width: 640px) 100vw, 640px\" \/><\/p>\n<div class=\"pntrst_main_before_after\"><\/div>","protected":false},"excerpt":{"rendered":"<p>Este arte de sanaci\u00f3n tiene \u00a0su propia identidad y campo energ\u00e9tico. Fue fundado por Mikao Usui en Jap\u00f3n, practicado por Chujiro Hayashi, tra\u00eddo a Occidente y difundido por Hawayo Takata y es sostenido actualmente por Phyllis Lei Furumoto. Phyllis Lei &hellip; <a href=\"https:\/\/www.usuishikiryoho.com.ar\/index.php\/usui-shiki-ryoho\/\">Sigue leyendo <span class=\"meta-nav\">&rarr;<\/span><\/a><\/p>\n","protected":false},"author":1,"featured_media":0,"parent":0,"menu_order":2,"comment_status":"open","ping_status":"open","template":"","meta":{"footnotes":""},"class_list":["post-13","page","type-page","status-publish","hentry"],"_links":{"self":[{"href":"https:\/\/www.usuishikiryoho.com.ar\/index.php\/wp-json\/wp\/v2\/pages\/13","targetHints":{"allow":["GET"]}}],"collection":[{"href":"https:\/\/www.usuishikiryoho.com.ar\/index.php\/wp-json\/wp\/v2\/pages"}],"about":[{"href":"https:\/\/www.usuishikiryoho.com.ar\/index.php\/wp-json\/wp\/v2\/types\/page"}],"author":[{"embeddable":true,"href":"https:\/\/www.usuishikiryoho.com.ar\/index.php\/wp-json\/wp\/v2\/users\/1"}],"replies":[{"embeddable":true,"href":"https:\/\/www.usuishikiryoho.com.ar\/index.php\/wp-json\/wp\/v2\/comments?post=13"}],"version-history":[{"count":7,"href":"https:\/\/www.usuishikiryoho.com.ar\/index.php\/wp-json\/wp\/v2\/pages\/13\/revisions"}],"predecessor-version":[{"id":805,"href":"https:\/\/www.usuishikiryoho.com.ar\/index.php\/wp-json\/wp\/v2\/pages\/13\/revisions\/805"}],"wp:attachment":[{"href":"https:\/\/www.usuishikiryoho.com.ar\/index.php\/wp-json\/wp\/v2\/media?parent=13"}],"curies":[{"name":"wp","href":"https:\/\/api.w.org\/{rel}","templated":true}]}}