{"id":12,"date":"2006-03-20T23:49:48","date_gmt":"2006-03-21T02:49:48","guid":{"rendered":"http:\/\/reiki-sistema-usui.com.ar\/wp\/?page_id=13"},"modified":"2022-04-12T10:34:52","modified_gmt":"2022-04-12T13:34:52","slug":"como-aprendemos-a-utilizar-reiki","status":"publish","type":"page","link":"https:\/\/www.usuishikiryoho.com.ar\/index.php\/como-aprendemos-a-utilizar-reiki\/","title":{"rendered":"\u00bfComo Aprendemos Reiki ?"},"content":{"rendered":"<div class=\"fcbkbttn_buttons_block\" id=\"fcbkbttn_left\"><div class=\"fcbkbttn_button\">\n                            <a href=\"https:\/\/www.facebook.com\/\" target=\"_blank\">\n                                <img decoding=\"async\" src=\"https:\/\/www.usuishikiryoho.com.ar\/new\/wp-content\/plugins\/social-buttons-pack\/facebook-button-plugin\/images\/standard-facebook-ico.png\" alt=\"Fb-Button\" \/>\n                            <\/a>\n                        <\/div><div class=\"fcbkbttn_like \"><fb:like href=\"https:\/\/www.usuishikiryoho.com.ar\/index.php\/como-aprendemos-a-utilizar-reiki\/\" action=\"like\" colorscheme=\"light\" layout=\"standard\" show-faces='false' width=\"225px\" size=\"small\"><\/fb:like><\/div><\/div><div class=\"pntrst_main_before_after\"><div class=\"pntrst-button-wrap\">\r\n\t\t\t\t\t\t\t<a data-pin-do=\"buttonBookmark\" data-pin-custom=\"\" href=\"https:\/\/www.pinterest.com\/pin\/create\/button\/\"><img decoding=\"async\" data-pin-nopin=\"1\" class=\"pntrst-custom-pin\" src=\"https:\/\/www.usuishikiryoho.com.ar\/new\/wp-content\/plugins\/social-buttons-pack\/bws-pinterest\/images\/pin.png\" width=\"60\"><\/a>\r\n\t\t\t\t\t\t<\/div><\/div><div class=\"twttr_buttons\"><div class=\"twttr_twitter\">\n\t\t\t\t\t<a href=\"http:\/\/twitter.com\/share?text=%C2%BFComo+Aprendemos+Reiki+%3F\" class=\"twitter-share-button\" data-via=\"\" data-hashtags=\"\"  data-size=\"default\" data-url=\"https:\/\/www.usuishikiryoho.com.ar\/index.php\/como-aprendemos-a-utilizar-reiki\/\"  data-related=\"\" target=\"_blank\">Tweet<\/a>\n\t\t\t\t<\/div><\/div><p>Asistiendo a un Seminario de Primer Grado, donde un Maestro transmite la capacidad de utilizarlo.<\/p>\n<p>All\u00ed los alumnos reciben informaci\u00f3n acerca del Sistema Usui Shiki Ryoho y adquieren los conocimientos para practicar Reiki en situaciones espec\u00edficas.\u00a0 Consta de cuatro clases e iniciaciones, durante cuatro d\u00edas \u00a0consecutivos y con una duraci\u00f3n aproximada de dos horas y media cada una. Al finalizar el seminario el estudiante est\u00e1 capacitado para tratarse a s\u00ed mismo y a otras personas.<\/p>\n<p>El costo del Seminario es de 150 d\u00f3lares o su equivalente en moneda local, cuando trabajo en Espa\u00f1a es de Euro 150.<\/p>\n<p>Cualquier persona interesada puede asistir.<\/p>\n<p>En mis clases mantengo el compromiso de ense\u00f1ar Usui Shiki Ryoho de una forma simple y clara transmitiendo el Sistema en la forma que me fue ense\u00f1ada por mis maestros. Eso, dicho as\u00ed, si no ten\u00e9s experiencia en Reiki , suena simple&#8230;pero en mi experiencia, muchas veces las clases incluyen un mont\u00f3n de agregados y variantes, lo que termina creando confusi\u00f3n sobre la pr\u00e1ctica del Sistema, y es d\u00edficil de anticipar (y evitar recibir) por las personas sin experiencia previa.<\/p>\n<p>Despu\u00e9s del seminario estoy disponible para encontrarme con mis alumnos para continuar nuestra relaci\u00f3n de aprendizaje y crecimiento a trav\u00e9s de charlas, compartir experiencias e intercambio de tratamientos.<\/p>\n<p>Si te interesa saber las fechas de los pr\u00f3ximos seminarios que ya est\u00e1n organizados pod\u00e9s ir a la secci\u00f3n\u00bbMis actividades\u00bb, que se encuentra a la izquierda de esta misma p\u00e1gina. No estoy agendando Seminarios con mucha anticipaci\u00f3n en estos d\u00edas.<\/p>\n<p><a href=\"mailto:info@reiki-sistema-usui.com.ar\" target=\"_blank\" rel=\"noopener\">Contactame<\/a> si est\u00e1s en una ciudad en la que no hay seminarios agendados en este sitio.<\/p>\n<p>En el seminario de Segundo Grado el estudiante aprende los s\u00edmbolos del Usui Shiki Ryoho\u00a9 y su uso. Son tres clases, que suelo dar en dos o tres d\u00edas. \u00a0Este seminario est\u00e1 dirigido a estudiantes que tengan un tiempo significativo de pr\u00e1ctica en este Sistema.<\/p>\n<div class=\"pntrst_main_before_after\"><\/div>","protected":false},"excerpt":{"rendered":"<p>Asistiendo a un Seminario de Primer Grado, donde un Maestro transmite la capacidad de utilizarlo. All\u00ed los alumnos reciben informaci\u00f3n acerca del Sistema Usui Shiki Ryoho y adquieren los conocimientos para practicar Reiki en situaciones espec\u00edficas.\u00a0 Consta de cuatro clases &hellip; <a href=\"https:\/\/www.usuishikiryoho.com.ar\/index.php\/como-aprendemos-a-utilizar-reiki\/\">Sigue leyendo <span class=\"meta-nav\">&rarr;<\/span><\/a><\/p>\n","protected":false},"author":1,"featured_media":0,"parent":0,"menu_order":1,"comment_status":"open","ping_status":"open","template":"","meta":{"footnotes":""},"class_list":["post-12","page","type-page","status-publish","hentry"],"_links":{"self":[{"href":"https:\/\/www.usuishikiryoho.com.ar\/index.php\/wp-json\/wp\/v2\/pages\/12","targetHints":{"allow":["GET"]}}],"collection":[{"href":"https:\/\/www.usuishikiryoho.com.ar\/index.php\/wp-json\/wp\/v2\/pages"}],"about":[{"href":"https:\/\/www.usuishikiryoho.com.ar\/index.php\/wp-json\/wp\/v2\/types\/page"}],"author":[{"embeddable":true,"href":"https:\/\/www.usuishikiryoho.com.ar\/index.php\/wp-json\/wp\/v2\/users\/1"}],"replies":[{"embeddable":true,"href":"https:\/\/www.usuishikiryoho.com.ar\/index.php\/wp-json\/wp\/v2\/comments?post=12"}],"version-history":[{"count":15,"href":"https:\/\/www.usuishikiryoho.com.ar\/index.php\/wp-json\/wp\/v2\/pages\/12\/revisions"}],"predecessor-version":[{"id":940,"href":"https:\/\/www.usuishikiryoho.com.ar\/index.php\/wp-json\/wp\/v2\/pages\/12\/revisions\/940"}],"wp:attachment":[{"href":"https:\/\/www.usuishikiryoho.com.ar\/index.php\/wp-json\/wp\/v2\/media?parent=12"}],"curies":[{"name":"wp","href":"https:\/\/api.w.org\/{rel}","templated":true}]}}